{"id":2749,"date":"2023-10-27T11:17:00","date_gmt":"2023-10-27T11:17:00","guid":{"rendered":"https:\/\/balce.es\/?page_id=2749"},"modified":"2023-11-29T17:38:35","modified_gmt":"2023-11-29T16:38:35","slug":"informes-tecnicos","status":"publish","type":"page","link":"https:\/\/balce.es\/en\/informes-tecnicos\/","title":{"rendered":"Informes t\u00e9cnicos"},"content":{"rendered":"<div class=\"wpb-content-wrapper\"><div class=\"vc_row wpb_row vc_row-fluid\"><div class=\"wpb_column vc_column_container vc_col-sm-12\"><div class=\"vc_column-inner\"><div class=\"wpb_wrapper\"><div class=\"vc_empty_space\"   style=\"height: 32px\"><span class=\"vc_empty_space_inner\"><\/span><\/div><\/div><\/div><\/div><\/div><div class=\"vc_row wpb_row vc_row-fluid\"><div class=\"wpb_column vc_column_container vc_col-sm-12\"><div class=\"vc_column-inner\"><div class=\"wpb_wrapper\"><div class=\"smile-icon-timeline-wrap csstime   tl-animation-slide-up\"  data-time_sep_bg_color=\"&quot;#9d000d&quot;\" data-time_block_bg_color=\"&quot;#f7f7f7&quot;\" data-time_sep_color=\"&quot;#9d000d&quot;\" style=\"\"><div class=\"timeline-line\" style=\"border-right-color:;\"><span><\/span><\/div><div class=\"timeline-wrapper\"><\/div><div class=\"timeline-feature-item feat-item\"><div class=\"feat-dot\"><div class=\"timeline-dot\"><\/div><\/div><div class=\"ult-timeline-arrow\"><s><\/s><l><\/l><\/div><div class=\"timeline-icon-block\"><div class=\"ult-timeline-icon tl-icon-no-bg\" style=\"   \"><\/div> <!-- icon --><\/div><div class=\"timeline-header-block\" >\n\t\t\t\t\t\t\t<div class=\"timeline-header\" id=\"timeline-featured-5717\"  style=\"\"><h1\n\t\t\t class=\"ult-timeline-title ult-responsive\"   data-ultimate-target='#timeline-featured-5717 .ult-timeline-title'  data-responsive-json-new='{\"font-size\":\"desktop:30px;\",\"line-height\":\"\"}'  style=\"font-weight:bold;\">TECNICAL REPORTS<\/h1><div class=\"ult-responsive custom-lht\"  data-ultimate-target='#timeline-featured-5717 .custom-lht'  data-responsive-json-new='{\"font-size\":\"desktop:16px;\",\"line-height\":\"\"}'  style=\"color:#9d000d;\"><\/div><\/div> <!-- header --><\/div><\/div><div class=\"timeline-wrapper\"><div class=\"timeline-block\"><div class=\"timeline-dot\"><\/div><div class=\"ult-timeline-arrow\"><s><\/s><l><\/l><\/div><div class=\"timeline-icon-block\"><div class=\"ult-timeline-icon tl-icon-no-bg\" style=\"   \"><\/div> <!-- icon --><\/div><div class=\"timeline-header-block\" >\n\t\t\t\t\t\t\t<div id=\"timeline-item-1581\" class=\"timeline-header\" style=\"\"><h2 class=\"ult-timeline-title ult-responsive\"  data-ultimate-target='#timeline-item-1581 .ult-timeline-title'  data-responsive-json-new='{\"font-size\":\"desktop:18px;\",\"line-height\":\"\"}'  style=\"color:#9d000d;\">2023<\/h2><div class=\"ult-responsive timeline-item-spt\"  data-ultimate-target='#timeline-item-1581 .timeline-item-spt'  data-responsive-json-new='{\"font-size\":\"desktop:14px;\",\"line-height\":\"\"}'  style=\"color:#000000;\">Saneamiento Ciudad de Managua. Nicaragua.<span style=\"color: #808080;\"><br \/>\nCliente: FICHTNER<\/span><br \/>\nPrograma Saneamiento Ambiental del Lago de Managua en la Ribera Sur. Nicaragua \/ Obs.: Microt\u00faneles terrestres.<\/p>\n<hr \/>\n<p>&nbsp;<\/p>\n<p>Abastecimiento a C\u00e1ceres.<span style=\"color: #808080;\"><br \/>\nCliente: ROVER<\/span><br \/>\nRedacci\u00f3n del Proyecto de Obras de Mejora de la garant\u00eda y eficiencia energ\u00e9tica del Abastecimiento a C\u00e1ceres desde el R\u00edo Almonte.<br \/>\n\/ Obs.: Microt\u00faneles subacu\u00e1ticos.<\/div><\/div> <!-- header --><\/div><\/div><div class=\"timeline-block\"><div class=\"timeline-dot\"><\/div><div class=\"ult-timeline-arrow\"><s><\/s><l><\/l><\/div><div class=\"timeline-icon-block\"><div class=\"ult-timeline-icon tl-icon-no-bg\" style=\"   \"><\/div> <!-- icon --><\/div><div class=\"timeline-header-block\" >\n\t\t\t\t\t\t\t<div id=\"timeline-item-7419\" class=\"timeline-header\" style=\"\"><h2 class=\"ult-timeline-title ult-responsive\"  data-ultimate-target='#timeline-item-7419 .ult-timeline-title'  data-responsive-json-new='{\"font-size\":\"desktop:18px;\",\"line-height\":\"\"}'  style=\"color:#9d000d;\">2022<\/h2><div class=\"ult-responsive timeline-item-spt\"  data-ultimate-target='#timeline-item-7419 .timeline-item-spt'  data-responsive-json-new='{\"font-size\":\"desktop:14px;\",\"line-height\":\"\"}'  style=\"color:#000000;\">T\u00fanel Del Castillo. Pola de Siero.<span style=\"color: #808080;\"><br \/>\nCliente: EMA<\/span><br \/>\nEstado del T\u00fanel Del Castillo ubicado en T.M. de Pola de Siero.<br \/>\n\/ Obs.: T\u00fanel<\/div><\/div> <!-- header --><\/div><\/div><div class=\"timeline-block\"><div class=\"timeline-dot\"><\/div><div class=\"ult-timeline-arrow\"><s><\/s><l><\/l><\/div><div class=\"timeline-icon-block\"><div class=\"ult-timeline-icon tl-icon-no-bg\" style=\"   \"><\/div> <!-- icon --><\/div><div class=\"timeline-header-block\" >\n\t\t\t\t\t\t\t<div id=\"timeline-item-2830\" class=\"timeline-header\" style=\"\"><h2 class=\"ult-timeline-title ult-responsive\"  data-ultimate-target='#timeline-item-2830 .ult-timeline-title'  data-responsive-json-new='{\"font-size\":\"desktop:18px;\",\"line-height\":\"\"}'  style=\"color:#9d000d;\">2021<\/h2><div class=\"ult-responsive timeline-item-spt\"  data-ultimate-target='#timeline-item-2830 .timeline-item-spt'  data-responsive-json-new='{\"font-size\":\"desktop:14px;\",\"line-height\":\"\"}'  style=\"color:#000000;\">Colector Margen derecha del Guadaira. Sevilla.<span style=\"color: #808080;\"><br \/>\nCliente: JICA<\/span><br \/>\nProyecto de sustituci\u00f3n del Colector margen derecha del Guadaira. Sevilla \/ Obs.: Microt\u00fanel de escudo abierto.<\/p>\n<hr \/>\n<p>&nbsp;<\/p>\n<p>T\u00fanel La Figar-La Reguerona. Gij\u00f3n.<span style=\"color: #808080;\"><br \/>\nCliente: EMA<\/span><br \/>\nEstado actual y deficiencias detectadas en el T\u00fanel La Figar-La Reguerona. Gij\u00f3n.<br \/>\n\/ Obs.: T\u00fanel.<\/div><\/div> <!-- header --><\/div><\/div><div class=\"timeline-block\"><div class=\"timeline-dot\"><\/div><div class=\"ult-timeline-arrow\"><s><\/s><l><\/l><\/div><div class=\"timeline-icon-block\"><div class=\"ult-timeline-icon tl-icon-no-bg\" style=\"   \"><\/div> <!-- icon --><\/div><div class=\"timeline-header-block\" >\n\t\t\t\t\t\t\t<div id=\"timeline-item-6915\" class=\"timeline-header\" style=\"\"><h2 class=\"ult-timeline-title ult-responsive\"  data-ultimate-target='#timeline-item-6915 .ult-timeline-title'  data-responsive-json-new='{\"font-size\":\"desktop:18px;\",\"line-height\":\"\"}'  style=\"color:#9d000d;\">2020<\/h2><div class=\"ult-responsive timeline-item-spt\"  data-ultimate-target='#timeline-item-6915 .timeline-item-spt'  data-responsive-json-new='{\"font-size\":\"desktop:14px;\",\"line-height\":\"\"}'  style=\"color:#000000;\">Abastecimiento Mairena del Aljarafe y Umbrete. Sevilla.<span style=\"color: #808080;\"><br \/>\nCliente: A3 OBRAS<\/span><br \/>\nCierre de los cinturones locales de Abastecimiento de Mairena del Aljarafe y Umbrete. Sevilla.<br \/>\n\/ Obs.: Microt\u00fanel terrestre<\/div><\/div> <!-- header --><\/div><\/div><div class=\"timeline-block\"><div class=\"timeline-dot\"><\/div><div class=\"ult-timeline-arrow\"><s><\/s><l><\/l><\/div><div class=\"timeline-icon-block\"><div class=\"ult-timeline-icon tl-icon-no-bg\" style=\"   \"><\/div> <!-- icon --><\/div><div class=\"timeline-header-block\" >\n\t\t\t\t\t\t\t<div id=\"timeline-item-5347\" class=\"timeline-header\" style=\"\"><h2 class=\"ult-timeline-title ult-responsive\"  data-ultimate-target='#timeline-item-5347 .ult-timeline-title'  data-responsive-json-new='{\"font-size\":\"desktop:18px;\",\"line-height\":\"\"}'  style=\"color:#9d000d;\">2019<\/h2><div class=\"ult-responsive timeline-item-spt\"  data-ultimate-target='#timeline-item-5347 .timeline-item-spt'  data-responsive-json-new='{\"font-size\":\"desktop:14px;\",\"line-height\":\"\"}'  style=\"color:#000000;\">EDAR Praceres<span style=\"color: #808080;\"><br \/>\nCliente: EPTISA<\/span><br \/>\nAnteproyecto del Nuevo Emisario Submarino de la EDAR de Praceres de la R\u00eda de Prontevedra. \/ Obs.: Microt\u00fanel Submarino.<\/p>\n<hr \/>\n<p>&nbsp;<\/p>\n<p>Abastecimiento Encartaciones tramo 2.1<span style=\"color: #808080;\"><br \/>\nCliente: ACCIONA<\/span><br \/>\nSuministro de agua en red primaria a la comarca de las Encartaciones. Proyecto constructivo del tramo 2.1: derivaci\u00f3n de Jarralta &#8211; dep\u00f3sito de Avellaneda.<br \/>\n\/ Obs.: Microt\u00faneles terrestres y Perforaciones Horizontales Dirigidas.<\/div><\/div> <!-- header --><\/div><\/div><div class=\"timeline-block\"><div class=\"timeline-dot\"><\/div><div class=\"ult-timeline-arrow\"><s><\/s><l><\/l><\/div><div class=\"timeline-icon-block\"><div class=\"ult-timeline-icon tl-icon-no-bg\" style=\"   \"><\/div> <!-- icon --><\/div><div class=\"timeline-header-block\" >\n\t\t\t\t\t\t\t<div id=\"timeline-item-7116\" class=\"timeline-header\" style=\"\"><h2 class=\"ult-timeline-title ult-responsive\"  data-ultimate-target='#timeline-item-7116 .ult-timeline-title'  data-responsive-json-new='{\"font-size\":\"desktop:18px;\",\"line-height\":\"\"}'  style=\"color:#9d000d;\">2018<\/h2><div class=\"ult-responsive timeline-item-spt\"  data-ultimate-target='#timeline-item-7116 .timeline-item-spt'  data-responsive-json-new='{\"font-size\":\"desktop:14px;\",\"line-height\":\"\"}'  style=\"color:#000000;\">Saneamiento y depuraci\u00f3n de Plasencia. C\u00e1ceres.<span style=\"color: #808080;\"><br \/>\nCliente: ABENGOA<\/span><br \/>\nProyecto \u00abAmpliaci\u00f3n y mejora del sistema general de saneamiento y depuraci\u00f3n de Plasencia (C\u00e1ceres)\u00bb. \/ Obs.: T\u00fanel<\/p>\n<hr \/>\n<p>&nbsp;<\/p>\n<p>Tanque de Tormentas Galindo. Bilbao.<span style=\"color: #808080;\"><br \/>\nCliente: UTE TANQUE DE TORMENTAS DE GALINDO<\/span><br \/>\nProyecto Tanque de Tormentas Galindo. Tramo: EDAR Galindo-Beurko. \/ Obs.: Microt\u00faneles Terrestres.<\/div><\/div> <!-- header --><\/div><\/div><div class=\"timeline-block\"><div class=\"timeline-dot\"><\/div><div class=\"ult-timeline-arrow\"><s><\/s><l><\/l><\/div><div class=\"timeline-icon-block\"><div class=\"ult-timeline-icon tl-icon-no-bg\" style=\"   \"><\/div> <!-- icon --><\/div><div class=\"timeline-header-block\" >\n\t\t\t\t\t\t\t<div id=\"timeline-item-5274\" class=\"timeline-header\" style=\"\"><h2 class=\"ult-timeline-title ult-responsive\"  data-ultimate-target='#timeline-item-5274 .ult-timeline-title'  data-responsive-json-new='{\"font-size\":\"desktop:18px;\",\"line-height\":\"\"}'  style=\"color:#9d000d;\">2017<\/h2><div class=\"ult-responsive timeline-item-spt\"  data-ultimate-target='#timeline-item-5274 .timeline-item-spt'  data-responsive-json-new='{\"font-size\":\"desktop:14px;\",\"line-height\":\"\"}'  style=\"color:#000000;\">Saneamiento margen izquierda r\u00eda Mundaka.<span style=\"color: #808080;\"><br \/>\nCliente: ACCIONA<\/span><br \/>\nProyecto Proyecto Constructivo del Colector General de la Margen izquierda de la R\u00eda Mundaka. Tramo Gernika-Lumo Busturia .\/ Obs.: Microt\u00faneles terrestres.<\/p>\n<hr \/>\n<p>&nbsp;<\/p>\n<p>Saneamiento general de las marismas de Santo\u00f1a. Cantabria<span style=\"color: #808080;\"><br \/>\nCliente: CONFEDERACI\u00d3N HIDROGR\u00c1FICA DEL CANT\u00c1BRICO<\/span><br \/>\nProyecto de terminaci\u00f3n de las obras del proyecto de construcci\u00f3n del colector interceptor general Santo\u00f1a-Laredo-Colindres. Tramo: Santo\u00f1a-Laredo. \/ Obs.: T\u00fanel submarino.<\/div><\/div> <!-- header --><\/div><\/div><div class=\"timeline-block\"><div class=\"timeline-dot\"><\/div><div class=\"ult-timeline-arrow\"><s><\/s><l><\/l><\/div><div class=\"timeline-icon-block\"><div class=\"ult-timeline-icon tl-icon-no-bg\" style=\"   \"><\/div> <!-- icon --><\/div><div class=\"timeline-header-block\" >\n\t\t\t\t\t\t\t<div id=\"timeline-item-6828\" class=\"timeline-header\" style=\"\"><h2 class=\"ult-timeline-title ult-responsive\"  data-ultimate-target='#timeline-item-6828 .ult-timeline-title'  data-responsive-json-new='{\"font-size\":\"desktop:18px;\",\"line-height\":\"\"}'  style=\"color:#9d000d;\">2015<\/h2><div class=\"ult-responsive timeline-item-spt\"  data-ultimate-target='#timeline-item-6828 .timeline-item-spt'  data-responsive-json-new='{\"font-size\":\"desktop:14px;\",\"line-height\":\"\"}'  style=\"color:#000000;\">Saneamiento margen izquierda r\u00eda Mundaka.<span style=\"color: #808080;\"><br \/>\nCliente: ACCIONA<\/span><br \/>\nProyecto Proyecto Constructivo del Colector General dela margen izquierda de la R\u00eda Mundaka. Tramo Sukarrieta-EDAR de Lamiaran.\/ Obs.:Microt\u00faneles terrestres y Perforaci\u00f3n Horizontal Dirigida<\/p>\n<hr \/>\n<p>&nbsp;<\/p>\n<p>Reparador de defectos en colector existente. Ferrol.<span style=\"color: #808080;\"><br \/>\nCliente: ACUAES<\/span><br \/>\nReparaci\u00f3n de defectos en colector existente ejecutado mediante hinca en Avenida Esteiro. Ferrol. \/ Obs.: Microt\u00fanel terrestre.<\/div><\/div> <!-- header --><\/div><\/div><div class=\"timeline-block\"><div class=\"timeline-dot\"><\/div><div class=\"ult-timeline-arrow\"><s><\/s><l><\/l><\/div><div class=\"timeline-icon-block\"><div class=\"ult-timeline-icon tl-icon-no-bg\" style=\"   \"><\/div> <!-- icon --><\/div><div class=\"timeline-header-block\" >\n\t\t\t\t\t\t\t<div id=\"timeline-item-7088\" class=\"timeline-header\" style=\"\"><h2 class=\"ult-timeline-title ult-responsive\"  data-ultimate-target='#timeline-item-7088 .ult-timeline-title'  data-responsive-json-new='{\"font-size\":\"desktop:18px;\",\"line-height\":\"\"}'  style=\"color:#9d000d;\">2014<\/h2><div class=\"ult-responsive timeline-item-spt\"  data-ultimate-target='#timeline-item-7088 .timeline-item-spt'  data-responsive-json-new='{\"font-size\":\"desktop:14px;\",\"line-height\":\"\"}'  style=\"color:#000000;\">Abastecimiento de agua a Lugo.<span style=\"color: #808080;\"><br \/>\nCliente: EPTISA<\/span><br \/>\nProyecto de Construcci\u00f3n de ampliaci\u00f3n del sistema de abastecimiento de agua de Lugo. \/ Obs.: Perforaciones Horizontales Dirigidas.<\/p>\n<hr \/>\n<p>&nbsp;<\/p>\n<p>Saneamiento rio Casa\u00f1o. Arenas de Cabrales.<span style=\"color: #808080;\"><br \/>\nCliente: CONFEDERACI\u00d3N HIDROGR\u00c1FICA DEL CANT\u00c1BRICO<\/span><br \/>\nProyecto desglosado del reformado de ordenaci\u00f3n hidr\u00e1ulica sanitaria del r\u00edo Casa\u00f1o, T.M. de Cabrales. Asturias.\/ Obs.:Microt\u00faneles terrestres.<\/p>\n<hr \/>\n<p>&nbsp;<\/p>\n<p>Embalse Valmayor. Madrid.<span style=\"color: #808080;\"><br \/>\nCliente: OHL<\/span><br \/>\nProyecto de Construcci\u00f3n de nueva obra de toma en el embalse de Valmayor. Madrid. \/ Obs.: Microt\u00fanel terrestre y subacu\u00e1tico.<\/div><\/div> <!-- header --><\/div><\/div><div class=\"timeline-block\"><div class=\"timeline-dot\"><\/div><div class=\"ult-timeline-arrow\"><s><\/s><l><\/l><\/div><div class=\"timeline-icon-block\"><div class=\"ult-timeline-icon tl-icon-no-bg\" style=\"   \"><\/div> <!-- icon --><\/div><div class=\"timeline-header-block\" >\n\t\t\t\t\t\t\t<div id=\"timeline-item-3719\" class=\"timeline-header\" style=\"\"><h2 class=\"ult-timeline-title ult-responsive\"  data-ultimate-target='#timeline-item-3719 .ult-timeline-title'  data-responsive-json-new='{\"font-size\":\"desktop:18px;\",\"line-height\":\"\"}'  style=\"color:#9d000d;\">2013<\/h2><div class=\"ult-responsive timeline-item-spt\"  data-ultimate-target='#timeline-item-3719 .timeline-item-spt'  data-responsive-json-new='{\"font-size\":\"desktop:14px;\",\"line-height\":\"\"}'  style=\"color:#000000;\">Colector Estiviel. Toledo.<span style=\"color: #808080;\"><br \/>\nCliente: ACCIONA<br \/>\n<span style=\"color: #000000;\">Proyecto y Ejecuci\u00f3n del Colector y Depuradora Estiviel. Toledo. <\/span><br \/>\n<span style=\"color: #000000;\">Obs.: Microt\u00fanel terrestre.<\/span><\/span><\/p>\n<hr \/>\n<p>&nbsp;<\/p>\n<p>Emisario Submarino de la EDAR de Lagares. Vigo<span style=\"color: #808080;\"><br \/>\nCliente: ACCIONA<br \/>\n<span style=\"color: #000000;\">Proyecto y Ejecuci\u00f3n del Emisario Submariono de Lagares. Vigo<\/span><br \/>\n<span style=\"color: #000000;\">Obs.: Microt\u00fanel terrestre submarino.<\/span><\/span><\/p>\n<hr \/>\n<p>&nbsp;<\/p>\n<p>Minera Escondida. Antofagasta. Chile<span style=\"color: #808080;\"><br \/>\nCliente: FERROVIAL<br \/>\n<span style=\"color: #000000;\">Proyecto y Ejecuci\u00f3n de Conducci\u00f3n de Captaci\u00f3n de Agua. Antofagasta. Chile. <\/span><\/span><span style=\"color: #000000;\">Obs.: Microt\u00fanel submarinos.<\/span><\/p>\n<hr \/>\n<p>&nbsp;<\/p>\n<p>Saneamiento Medio Butr\u00f3n 2<span style=\"color: #808080;\"><br \/>\nCliente: FERROVIAL<br \/>\n<span style=\"color: #000000;\">Proyecto de Saneamiento del Medio Butr\u00f3n. Fase 2: Billela Oeste-Bombeo de Gorordo. <\/span><\/span><span style=\"color: #000000;\">Obs.: Microt\u00faneles terrestres.<\/span><\/p>\n<hr \/>\n<p>&nbsp;<\/p>\n<p>Saneamiento Interceptor Berriatua-Ondarroa.<span style=\"color: #808080;\"><br \/>\nCliente: ACCIONA<br \/>\n<span style=\"color: #000000;\">Proyecto desglosado del proyecto constructivo del Interceptor Berriatua-Ondarroa (2\u00aafase). <\/span><\/span><span style=\"color: #000000;\">Obs.: Microt\u00faneles terrestres.<\/span><\/p>\n<hr \/>\n<p>&nbsp;<\/p>\n<p>Saneamiento Interceptor Cotorrio.<span style=\"color: #808080;\"><br \/>\nCliente: BYCAM<br \/>\n<span style=\"color: #000000;\">Proyecto Interceptor de Cotorrio. Tramo Sope\u00f1a y colectores complementarios.<\/span><\/span><span style=\"color: #000000;\">Obs.: Microt\u00faneles terrestres.<\/span><\/p>\n<hr \/>\n<p>&nbsp;<\/p>\n<p>Saneamiento Parque Hermanos Castro. Gij\u00f3n.<span style=\"color: #808080;\"><br \/>\nCliente: ACCIONA<br \/>\n<span style=\"color: #000000;\">Proyecto de Construcci\u00f3n de un nuevo Dep\u00f3sito de Aguas de Tomenta en el Parque Hermanos Castro. Gij\u00f3n. <\/span><\/span><span style=\"color: #000000;\">Obs.: Microt\u00faneles terrestres.<\/span><\/div><\/div> <!-- header --><\/div><\/div><\/div><\/div><\/div><\/div><\/div><\/div><div class=\"vc_row wpb_row vc_row-fluid\"><div class=\"wpb_column vc_column_container vc_col-sm-12\"><div class=\"vc_column-inner\"><div class=\"wpb_wrapper\"><div class=\"vc_empty_space\"   style=\"height: 32px\"><span class=\"vc_empty_space_inner\"><\/span><\/div><\/div><\/div><\/div><\/div><div class=\"vc_row wpb_row vc_row-fluid\"><div class=\"wpb_column vc_column_container vc_col-sm-6\"><div class=\"vc_column-inner\"><div class=\"wpb_wrapper\"><\/div><\/div><\/div><div class=\"wpb_column vc_column_container vc_col-sm-6\"><div class=\"vc_column-inner\"><div class=\"wpb_wrapper\">\n\t<div class=\"wpb_text_column wpb_content_element\" >\n\t\t<div class=\"wpb_wrapper\">\n\t\t\t<p style=\"text-align: center;\"><span style=\"color: #ffffff;\"><a style=\"color: #ffffff;\" href=\"https:\/\/balce.es\/en\/calculos\/\">Otros proyectos &gt;&gt;<\/a><\/span><\/p>\n\n\t\t<\/div>\n\t<\/div>\n<\/div><\/div><\/div><\/div>\n<\/div>","protected":false},"excerpt":{"rendered":"<p>INFORMES T\u00c9CNICOS 2023Saneamiento Ciudad de Managua. Nicaragua. Cliente: FICHTNER Programa Saneamiento Ambiental del Lago de Managua en la Ribera Sur. Nicaragua \/ Obs.: Microt\u00faneles terrestres. &nbsp; Abastecimiento a C\u00e1ceres. Cliente: ROVER Redacci\u00f3n del Proyecto de Obras de Mejora de la garant\u00eda y eficiencia energ\u00e9tica del Abastecimiento a C\u00e1ceres desde el R\u00edo Almonte. \/ Obs.: Microt\u00faneles&hellip;<\/p>","protected":false},"author":1,"featured_media":0,"parent":0,"menu_order":2,"comment_status":"closed","ping_status":"closed","template":"","meta":{"footnotes":""},"class_list":["post-2749","page","type-page","status-publish","hentry","description-off"],"_links":{"self":[{"href":"https:\/\/balce.es\/en\/wp-json\/wp\/v2\/pages\/2749","targetHints":{"allow":["GET"]}}],"collection":[{"href":"https:\/\/balce.es\/en\/wp-json\/wp\/v2\/pages"}],"about":[{"href":"https:\/\/balce.es\/en\/wp-json\/wp\/v2\/types\/page"}],"author":[{"embeddable":true,"href":"https:\/\/balce.es\/en\/wp-json\/wp\/v2\/users\/1"}],"replies":[{"embeddable":true,"href":"https:\/\/balce.es\/en\/wp-json\/wp\/v2\/comments?post=2749"}],"version-history":[{"count":24,"href":"https:\/\/balce.es\/en\/wp-json\/wp\/v2\/pages\/2749\/revisions"}],"predecessor-version":[{"id":2825,"href":"https:\/\/balce.es\/en\/wp-json\/wp\/v2\/pages\/2749\/revisions\/2825"}],"wp:attachment":[{"href":"https:\/\/balce.es\/en\/wp-json\/wp\/v2\/media?parent=2749"}],"curies":[{"name":"wp","href":"https:\/\/api.w.org\/{rel}","templated":true}]}}